{"id":4479,"date":"2025-08-21T19:52:13","date_gmt":"2025-08-21T19:52:13","guid":{"rendered":"https:\/\/profume.com\/?page_id=4479"},"modified":"2025-08-21T19:52:13","modified_gmt":"2025-08-21T19:52:13","slug":"contact-an-expert-for-profume-fumigant","status":"publish","type":"page","link":"http:\/\/profume.com\/en-de\/contact-an-expert-for-profume-fumigant\/","title":{"rendered":"Contact an Expert for ProFume\u00ae Fumigant"},"content":{"rendered":"<p class=\"p1\">For more information about ProFume, for technical assistance, or for training, please contact the appropriate distributor below:<\/p>\n<div class=\"experts\">\n<div class=\"experts--expert\">\n<h4 class=\"experts--expert--noContent\"><\/h4>\n<p>Ing. Victor Krainz GmbH<br \/>\nPerchtoldsdorfer <span style=\"font-weight: 400;\">Stra\u00dfe 4<\/span><br \/>\n<span style=\"font-weight: 400;\">A-2372 Gie\u00dfh\u00fcbl bei Wien (Austria)<\/span><br \/>\nTel: <a href=\"tel:+43 (0)664 441 2804\">+43 (0)664 441 2804<\/a><br \/>\n<a href=\"mailto:v.krainz@krainz.org\">v.krainz@krainz.org<\/a><br \/>\n<a href=\"https:\/\/www.krainz.org\">https:\/\/www.krainz.org<\/a><\/p>\n<\/div>\n<div class=\"experts--expert\">\n<h4 class=\"experts--expert--noContent\"><\/h4>\n<p>Alexander Stock<br \/>\nDouglas Products<br \/>\nTel: <a href=\"tel:+32-474-62-80-96\">+32 474 62 80 96<\/a><br \/>\n<a href=\"mailto:alexander.stock@douglasproducts.com\">alexander.stock@douglasproducts.com<\/a><br \/>\nAvenue Marnix 23, 5th floor<br \/>\n1000 Brussels (Belgium)<\/p>\n<\/div>\n<\/div>\n","protected":false},"excerpt":{"rendered":"<p>For more information about ProFume, for technical assistance, or for training, please contact the appropriate distributor below: Ing. Victor Krainz GmbH Perchtoldsdorfer Stra\u00dfe 4 A-2372 Gie\u00dfh\u00fcbl bei Wien (Austria) Tel: +43 (0)664 441 2804 v.krainz@krainz.org https:\/\/www.krainz.org Alexander Stock Douglas Products Tel: +32 474 62 80 96 alexander.stock@douglasproducts.com Avenue Marnix 23, 5th floor 1000 Brussels (Belgium)<\/p>\n","protected":false},"author":23,"featured_media":0,"parent":0,"menu_order":0,"comment_status":"closed","ping_status":"closed","template":"","meta":{"_acf_changed":false,"footnotes":""},"class_list":["post-4479","page","type-page","status-publish","hentry"],"acf":[],"yoast_head":"<!-- This site is optimized with the Yoast SEO plugin v27.4 - https:\/\/yoast.com\/product\/yoast-seo-wordpress\/ -->\n<title>Contact an Expert for ProFume\u00ae Fumigant - ProFume<\/title>\n<meta name=\"robots\" content=\"index, follow, max-snippet:-1, max-image-preview:large, max-video-preview:-1\" \/>\n<link rel=\"canonical\" href=\"http:\/\/profume.com\/en-de\/contact-an-expert-for-profume-fumigant\/\" \/>\n<meta property=\"og:locale\" content=\"en_US\" \/>\n<meta property=\"og:type\" content=\"article\" \/>\n<meta property=\"og:title\" content=\"Contact an Expert for ProFume\u00ae Fumigant - ProFume\" \/>\n<meta property=\"og:description\" content=\"For more information about ProFume, for technical assistance, or for training, please contact the appropriate distributor below: Ing. Victor Krainz GmbH Perchtoldsdorfer Stra\u00dfe 4 A-2372 Gie\u00dfh\u00fcbl bei Wien (Austria) Tel: +43 (0)664 441 2804 v.krainz@krainz.org https:\/\/www.krainz.org Alexander Stock Douglas Products Tel: +32 474 62 80 96 alexander.stock@douglasproducts.com Avenue Marnix 23, 5th floor 1000 Brussels (Belgium)\" \/>\n<meta property=\"og:url\" content=\"http:\/\/profume.com\/en-de\/contact-an-expert-for-profume-fumigant\/\" \/>\n<meta property=\"og:site_name\" content=\"ProFume\" \/>\n<meta name=\"twitter:card\" content=\"summary_large_image\" \/>\n<meta name=\"twitter:label1\" content=\"Est. reading time\" \/>\n\t<meta name=\"twitter:data1\" content=\"1 minute\" \/>\n<script type=\"application\/ld+json\" class=\"yoast-schema-graph\">{\"@context\":\"https:\\\/\\\/schema.org\",\"@graph\":[{\"@type\":\"WebPage\",\"@id\":\"http:\\\/\\\/profume.com\\\/en-de\\\/contact-an-expert-for-profume-fumigant\\\/\",\"url\":\"http:\\\/\\\/profume.com\\\/en-de\\\/contact-an-expert-for-profume-fumigant\\\/\",\"name\":\"Contact an Expert for ProFume\u00ae Fumigant - ProFume\",\"isPartOf\":{\"@id\":\"https:\\\/\\\/profume.com\\\/#website\"},\"datePublished\":\"2025-08-21T19:52:13+00:00\",\"breadcrumb\":{\"@id\":\"http:\\\/\\\/profume.com\\\/en-de\\\/contact-an-expert-for-profume-fumigant\\\/#breadcrumb\"},\"inLanguage\":\"en-DE\",\"potentialAction\":[{\"@type\":\"ReadAction\",\"target\":[\"http:\\\/\\\/profume.com\\\/en-de\\\/contact-an-expert-for-profume-fumigant\\\/\"]}]},{\"@type\":\"BreadcrumbList\",\"@id\":\"http:\\\/\\\/profume.com\\\/en-de\\\/contact-an-expert-for-profume-fumigant\\\/#breadcrumb\",\"itemListElement\":[{\"@type\":\"ListItem\",\"position\":1,\"name\":\"Home\",\"item\":\"http:\\\/\\\/profume.com\\\/en-de\\\/\"},{\"@type\":\"ListItem\",\"position\":2,\"name\":\"Contact an Expert for ProFume\u00ae Fumigant\"}]},{\"@type\":\"WebSite\",\"@id\":\"https:\\\/\\\/profume.com\\\/#website\",\"url\":\"https:\\\/\\\/profume.com\\\/\",\"name\":\"ProFume\",\"description\":\"The Proven Postharvest Fumigation Solution.\",\"potentialAction\":[{\"@type\":\"SearchAction\",\"target\":{\"@type\":\"EntryPoint\",\"urlTemplate\":\"https:\\\/\\\/profume.com\\\/?s={search_term_string}\"},\"query-input\":{\"@type\":\"PropertyValueSpecification\",\"valueRequired\":true,\"valueName\":\"search_term_string\"}}],\"inLanguage\":\"en-DE\"}]}<\/script>\n<!-- \/ Yoast SEO plugin. -->","yoast_head_json":{"title":"Contact an Expert for ProFume\u00ae Fumigant - ProFume","robots":{"index":"index","follow":"follow","max-snippet":"max-snippet:-1","max-image-preview":"max-image-preview:large","max-video-preview":"max-video-preview:-1"},"canonical":"http:\/\/profume.com\/en-de\/contact-an-expert-for-profume-fumigant\/","og_locale":"en_US","og_type":"article","og_title":"Contact an Expert for ProFume\u00ae Fumigant - ProFume","og_description":"For more information about ProFume, for technical assistance, or for training, please contact the appropriate distributor below: Ing. Victor Krainz GmbH Perchtoldsdorfer Stra\u00dfe 4 A-2372 Gie\u00dfh\u00fcbl bei Wien (Austria) Tel: +43 (0)664 441 2804 v.krainz@krainz.org https:\/\/www.krainz.org Alexander Stock Douglas Products Tel: +32 474 62 80 96 alexander.stock@douglasproducts.com Avenue Marnix 23, 5th floor 1000 Brussels (Belgium)","og_url":"http:\/\/profume.com\/en-de\/contact-an-expert-for-profume-fumigant\/","og_site_name":"ProFume","twitter_card":"summary_large_image","twitter_misc":{"Est. reading time":"1 minute"},"schema":{"@context":"https:\/\/schema.org","@graph":[{"@type":"WebPage","@id":"http:\/\/profume.com\/en-de\/contact-an-expert-for-profume-fumigant\/","url":"http:\/\/profume.com\/en-de\/contact-an-expert-for-profume-fumigant\/","name":"Contact an Expert for ProFume\u00ae Fumigant - ProFume","isPartOf":{"@id":"https:\/\/profume.com\/#website"},"datePublished":"2025-08-21T19:52:13+00:00","breadcrumb":{"@id":"http:\/\/profume.com\/en-de\/contact-an-expert-for-profume-fumigant\/#breadcrumb"},"inLanguage":"en-DE","potentialAction":[{"@type":"ReadAction","target":["http:\/\/profume.com\/en-de\/contact-an-expert-for-profume-fumigant\/"]}]},{"@type":"BreadcrumbList","@id":"http:\/\/profume.com\/en-de\/contact-an-expert-for-profume-fumigant\/#breadcrumb","itemListElement":[{"@type":"ListItem","position":1,"name":"Home","item":"http:\/\/profume.com\/en-de\/"},{"@type":"ListItem","position":2,"name":"Contact an Expert for ProFume\u00ae Fumigant"}]},{"@type":"WebSite","@id":"https:\/\/profume.com\/#website","url":"https:\/\/profume.com\/","name":"ProFume","description":"The Proven Postharvest Fumigation Solution.","potentialAction":[{"@type":"SearchAction","target":{"@type":"EntryPoint","urlTemplate":"https:\/\/profume.com\/?s={search_term_string}"},"query-input":{"@type":"PropertyValueSpecification","valueRequired":true,"valueName":"search_term_string"}}],"inLanguage":"en-DE"}]}},"_links":{"self":[{"href":"http:\/\/profume.com\/en-de\/wp-json\/wp\/v2\/pages\/4479","targetHints":{"allow":["GET"]}}],"collection":[{"href":"http:\/\/profume.com\/en-de\/wp-json\/wp\/v2\/pages"}],"about":[{"href":"http:\/\/profume.com\/en-de\/wp-json\/wp\/v2\/types\/page"}],"author":[{"embeddable":true,"href":"http:\/\/profume.com\/en-de\/wp-json\/wp\/v2\/users\/23"}],"replies":[{"embeddable":true,"href":"http:\/\/profume.com\/en-de\/wp-json\/wp\/v2\/comments?post=4479"}],"version-history":[{"count":0,"href":"http:\/\/profume.com\/en-de\/wp-json\/wp\/v2\/pages\/4479\/revisions"}],"wp:attachment":[{"href":"http:\/\/profume.com\/en-de\/wp-json\/wp\/v2\/media?parent=4479"}],"curies":[{"name":"wp","href":"https:\/\/api.w.org\/{rel}","templated":true}]}}