{"id":3241,"date":"2023-08-10T13:48:20","date_gmt":"2023-08-10T13:48:20","guid":{"rendered":"https:\/\/profume.com\/?page_id=3241"},"modified":"2023-08-10T18:50:35","modified_gmt":"2023-08-10T18:50:35","slug":"contact-map","status":"publish","type":"page","link":"https:\/\/profume.com\/en-pl\/contact-map\/","title":{"rendered":"Contact an Expert for ProFume<sup>\u00ae<\/sup> Fumigant"},"content":{"rendered":"<p class=\"p1\">For more information about ProFume, for technical assistance, or for training, please contact the appropriate distributor below:<\/p>\n<div class=\"experts\">\n<div class=\"experts--expert\">\n<h4 class=\"experts--expert--noContent\"><\/h4>\n<p>Stanislaw Oboza<br \/>\nPUPH Solfum Sp. z o.o.<br \/>\nTel: <a href=\"tel:+48 42 712-51-00\">+48 42 712-51-00<\/a><br \/>\nZiemia\u0144ska 21, 95-070 R\u0105bie\u0144 AB<br \/>\n<a href=\"http:\/\/www.solfum.com.pl\" target=\"_blank\" rel=\"noopener noreferrer\">http:\/\/www.solfum.com.pl<\/a><\/p>\n<\/div>\n<div class=\"experts--expert\">\n<h4 class=\"experts--expert--noContent\"><\/h4>\n<p>Alexander Stock<br \/>\nDouglas Products<br \/>\nTel: <a href=\"tel:+32-474-62-80-96\">+32 474 62 80 96<\/a><br \/>\n<a href=\"mailto:alexander.stock@douglasproducts.com\">alexander.stock@douglasproducts.com<\/a><br \/>\nAvenue Marnix 23, 5th floor 1000 Brussels<\/p>\n<\/div>\n<\/div>\n","protected":false},"excerpt":{"rendered":"<p>For more information about ProFume, for technical assistance, or for training, please contact the appropriate distributor below: Stanislaw Oboza PUPH Solfum Sp. z o.o. Tel: +48 42 712-51-00 Ziemia\u0144ska 21, 95-070 R\u0105bie\u0144 AB http:\/\/www.solfum.com.pl Alexander Stock Douglas Products Tel: +32 474 62 80 96 alexander.stock@douglasproducts.com Avenue Marnix 23, 5th floor 1000 Brussels<\/p>\n","protected":false},"author":12,"featured_media":0,"parent":0,"menu_order":0,"comment_status":"closed","ping_status":"closed","template":"","meta":{"footnotes":""},"class_list":["post-3241","page","type-page","status-publish","hentry"],"acf":[],"yoast_head":"<!-- This site is optimized with the Yoast SEO plugin v27.3 - https:\/\/yoast.com\/product\/yoast-seo-wordpress\/ -->\n<title>Contact an Expert for ProFume\u00ae Fumigant - ProFume<\/title>\n<meta name=\"robots\" content=\"index, follow, max-snippet:-1, max-image-preview:large, max-video-preview:-1\" \/>\n<link rel=\"canonical\" href=\"http:\/\/profume.com\/en-pl\/contact-map\/\" \/>\n<meta property=\"og:locale\" content=\"en_US\" \/>\n<meta property=\"og:type\" content=\"article\" \/>\n<meta property=\"og:title\" content=\"Contact an Expert for ProFume\u00ae Fumigant - ProFume\" \/>\n<meta property=\"og:description\" content=\"For more information about ProFume, for technical assistance, or for training, please contact the appropriate distributor below: Stanislaw Oboza PUPH Solfum Sp. z o.o. Tel: +48 42 712-51-00 Ziemia\u0144ska 21, 95-070 R\u0105bie\u0144 AB http:\/\/www.solfum.com.pl Alexander Stock Douglas Products Tel: +32 474 62 80 96 alexander.stock@douglasproducts.com Avenue Marnix 23, 5th floor 1000 Brussels\" \/>\n<meta property=\"og:url\" content=\"http:\/\/profume.com\/en-pl\/contact-map\/\" \/>\n<meta property=\"og:site_name\" content=\"ProFume\" \/>\n<meta property=\"article:modified_time\" content=\"2023-08-10T18:50:35+00:00\" \/>\n<meta name=\"twitter:card\" content=\"summary_large_image\" \/>\n<meta name=\"twitter:label1\" content=\"Est. reading time\" \/>\n\t<meta name=\"twitter:data1\" content=\"1 minute\" \/>\n<script type=\"application\/ld+json\" class=\"yoast-schema-graph\">{\"@context\":\"https:\\\/\\\/schema.org\",\"@graph\":[{\"@type\":\"WebPage\",\"@id\":\"http:\\\/\\\/profume.com\\\/en-pl\\\/contact-map\\\/\",\"url\":\"http:\\\/\\\/profume.com\\\/en-pl\\\/contact-map\\\/\",\"name\":\"Contact an Expert for ProFume\u00ae Fumigant - ProFume\",\"isPartOf\":{\"@id\":\"https:\\\/\\\/profume.com\\\/en-es\\\/#website\"},\"datePublished\":\"2023-08-10T13:48:20+00:00\",\"dateModified\":\"2023-08-10T18:50:35+00:00\",\"breadcrumb\":{\"@id\":\"http:\\\/\\\/profume.com\\\/en-pl\\\/contact-map\\\/#breadcrumb\"},\"inLanguage\":\"en-PL\",\"potentialAction\":[{\"@type\":\"ReadAction\",\"target\":[\"http:\\\/\\\/profume.com\\\/en-pl\\\/contact-map\\\/\"]}]},{\"@type\":\"BreadcrumbList\",\"@id\":\"http:\\\/\\\/profume.com\\\/en-pl\\\/contact-map\\\/#breadcrumb\",\"itemListElement\":[{\"@type\":\"ListItem\",\"position\":1,\"name\":\"Home\",\"item\":\"http:\\\/\\\/profume.com\\\/en-pl\\\/\"},{\"@type\":\"ListItem\",\"position\":2,\"name\":\"Contact an Expert for ProFume\u00ae Fumigant\"}]},{\"@type\":\"WebSite\",\"@id\":\"https:\\\/\\\/profume.com\\\/en-es\\\/#website\",\"url\":\"https:\\\/\\\/profume.com\\\/en-es\\\/\",\"name\":\"ProFume\",\"description\":\"The Proven Postharvest Fumigation Solution.\",\"potentialAction\":[{\"@type\":\"SearchAction\",\"target\":{\"@type\":\"EntryPoint\",\"urlTemplate\":\"https:\\\/\\\/profume.com\\\/en-es\\\/?s={search_term_string}\"},\"query-input\":{\"@type\":\"PropertyValueSpecification\",\"valueRequired\":true,\"valueName\":\"search_term_string\"}}],\"inLanguage\":\"en-PL\"}]}<\/script>\n<!-- \/ Yoast SEO plugin. -->","yoast_head_json":{"title":"Contact an Expert for ProFume\u00ae Fumigant - ProFume","robots":{"index":"index","follow":"follow","max-snippet":"max-snippet:-1","max-image-preview":"max-image-preview:large","max-video-preview":"max-video-preview:-1"},"canonical":"http:\/\/profume.com\/en-pl\/contact-map\/","og_locale":"en_US","og_type":"article","og_title":"Contact an Expert for ProFume\u00ae Fumigant - ProFume","og_description":"For more information about ProFume, for technical assistance, or for training, please contact the appropriate distributor below: Stanislaw Oboza PUPH Solfum Sp. z o.o. Tel: +48 42 712-51-00 Ziemia\u0144ska 21, 95-070 R\u0105bie\u0144 AB http:\/\/www.solfum.com.pl Alexander Stock Douglas Products Tel: +32 474 62 80 96 alexander.stock@douglasproducts.com Avenue Marnix 23, 5th floor 1000 Brussels","og_url":"http:\/\/profume.com\/en-pl\/contact-map\/","og_site_name":"ProFume","article_modified_time":"2023-08-10T18:50:35+00:00","twitter_card":"summary_large_image","twitter_misc":{"Est. reading time":"1 minute"},"schema":{"@context":"https:\/\/schema.org","@graph":[{"@type":"WebPage","@id":"http:\/\/profume.com\/en-pl\/contact-map\/","url":"http:\/\/profume.com\/en-pl\/contact-map\/","name":"Contact an Expert for ProFume\u00ae Fumigant - ProFume","isPartOf":{"@id":"https:\/\/profume.com\/en-es\/#website"},"datePublished":"2023-08-10T13:48:20+00:00","dateModified":"2023-08-10T18:50:35+00:00","breadcrumb":{"@id":"http:\/\/profume.com\/en-pl\/contact-map\/#breadcrumb"},"inLanguage":"en-PL","potentialAction":[{"@type":"ReadAction","target":["http:\/\/profume.com\/en-pl\/contact-map\/"]}]},{"@type":"BreadcrumbList","@id":"http:\/\/profume.com\/en-pl\/contact-map\/#breadcrumb","itemListElement":[{"@type":"ListItem","position":1,"name":"Home","item":"http:\/\/profume.com\/en-pl\/"},{"@type":"ListItem","position":2,"name":"Contact an Expert for ProFume\u00ae Fumigant"}]},{"@type":"WebSite","@id":"https:\/\/profume.com\/en-es\/#website","url":"https:\/\/profume.com\/en-es\/","name":"ProFume","description":"The Proven Postharvest Fumigation Solution.","potentialAction":[{"@type":"SearchAction","target":{"@type":"EntryPoint","urlTemplate":"https:\/\/profume.com\/en-es\/?s={search_term_string}"},"query-input":{"@type":"PropertyValueSpecification","valueRequired":true,"valueName":"search_term_string"}}],"inLanguage":"en-PL"}]}},"_links":{"self":[{"href":"https:\/\/profume.com\/en-pl\/wp-json\/wp\/v2\/pages\/3241","targetHints":{"allow":["GET"]}}],"collection":[{"href":"https:\/\/profume.com\/en-pl\/wp-json\/wp\/v2\/pages"}],"about":[{"href":"https:\/\/profume.com\/en-pl\/wp-json\/wp\/v2\/types\/page"}],"author":[{"embeddable":true,"href":"https:\/\/profume.com\/en-pl\/wp-json\/wp\/v2\/users\/12"}],"replies":[{"embeddable":true,"href":"https:\/\/profume.com\/en-pl\/wp-json\/wp\/v2\/comments?post=3241"}],"version-history":[{"count":0,"href":"https:\/\/profume.com\/en-pl\/wp-json\/wp\/v2\/pages\/3241\/revisions"}],"wp:attachment":[{"href":"https:\/\/profume.com\/en-pl\/wp-json\/wp\/v2\/media?parent=3241"}],"curies":[{"name":"wp","href":"https:\/\/api.w.org\/{rel}","templated":true}]}}